{"id":2,"date":"2024-05-15T22:01:12","date_gmt":"2024-05-15T22:01:12","guid":{"rendered":"https:\/\/bandofbrothers.no\/?page_id=2"},"modified":"2025-01-03T09:58:18","modified_gmt":"2025-01-03T09:58:18","slug":"sample-page","status":"publish","type":"page","link":"https:\/\/bandofbrothers.no\/?page_id=2","title":{"rendered":"About us"},"content":{"rendered":"\n<p><br>Follow us on <a href=\"https:\/\/www.facebook.com\/profile.php?id=61562170671291\">Facebook<\/a>.<\/p>\n\n\n\n<p>BOB is a #progrock band from Southern Norway, the city of Kristiansand:<\/p>\n\n\n\n<blockquote class=\"wp-block-quote is-layout-flow wp-block-quote-is-layout-flow\">\n<p>&laquo;As individuals, we are inspired by Saga and Rush in our genre of #progrock music. Our production, however, is rooted in Christian rock music. Bands like Swedish band, Jerusalem. At the time when we first started in the 1980s, we played in separate local bands in our churches. Currently, we have a rejuvenation. In BandOfBrothers, whilst getting closer to our own selves &#8211; and Jesus Christ, we enjoy making our own music together. Hopefully, you&#8217;ll get something out of the words and meaning as well!&raquo;<\/p>\n<\/blockquote>\n\n\n\n<p><strong>About our new releases in 2024:<\/strong><\/p>\n\n\n\n<blockquote class=\"wp-block-quote is-layout-flow wp-block-quote-is-layout-flow\">\n<p>&laquo;After COVID-19 we decided to record four tracks by working separately in ProTools. At this point concerts were out of the question. New songs were made alongside our old classic ones. (Those we made in the 1980 and 90s.) The first batch of four resembles a mix of old and new songs. We want everyone to get a feel of what BOB is from the 1980s to the 2020s. The mix of songs are released in sequence this summer.&raquo;<\/p>\n<\/blockquote>\n\n\n\n<p><strong>The Artists:<br><\/strong>Trond Bakken, drums<br>Anders T\u00f8nnesland, bass and vocals<br>Jens Arne Rakkestad, lead guitar and mixer<br>\u00d8ystein Sannarnes, keys, lead vocal (and lyrics) &#8211; manager (osannarnes@gmail.com)<\/p>\n\n\n\n<p class=\"has-regular-font-size\"><strong>Set List 2024:<\/strong><br>Healing Within<br>Restless Heart<br>Once in a While<br>Give it all<br>Alone<br>Dinner is Served<br>Flowers<br>Who will speak?<br>Trees<br>Looking Back<br>Images of Hope<br>Fortune Teller<br>In This World<br>Redeemer<br>You are &laquo;I am&raquo;<\/p>\n\n\n\n<p>The process of recording for the releases this summer:<\/p>\n\n\n\n<p>ProTools initial recording was performed at @AgderLyd (agderlyd.no) in Vennesla with kind assistance from Roald R\u00e5sberg. Vocals and Keys (midi) was done at @home at \u00d8ystein&#8217;s place. Lead guitar themes done @home at Jens&#8217;s place. Then, final master mixing was done by Roald R\u00e5sberg&#8217;s studio @Sanden Studio AS (sandenstudio.com).<\/p>\n\n\n\n<figure class=\"wp-block-gallery has-nested-images columns-default is-cropped wp-block-gallery-1 is-layout-flex wp-block-gallery-is-layout-flex\">\n<figure class=\"wp-block-image size-medium\"><img loading=\"lazy\" decoding=\"async\" width=\"225\" height=\"300\" data-id=\"53\" src=\"https:\/\/bandofbrothers.no\/wp-content\/uploads\/20231102_221804-225x300.jpg\" alt=\"Trond Bakken\" class=\"wp-image-53\" srcset=\"https:\/\/bandofbrothers.no\/wp-content\/uploads\/20231102_221804-225x300.jpg 225w, https:\/\/bandofbrothers.no\/wp-content\/uploads\/20231102_221804-768x1024.jpg 768w, https:\/\/bandofbrothers.no\/wp-content\/uploads\/20231102_221804-1152x1536.jpg 1152w, https:\/\/bandofbrothers.no\/wp-content\/uploads\/20231102_221804-1536x2048.jpg 1536w, https:\/\/bandofbrothers.no\/wp-content\/uploads\/20231102_221804-scaled.jpg 1920w\" sizes=\"auto, (max-width: 225px) 100vw, 225px\" \/><\/figure>\n\n\n\n<figure class=\"wp-block-image size-medium\"><img loading=\"lazy\" decoding=\"async\" width=\"225\" height=\"300\" data-id=\"61\" src=\"https:\/\/bandofbrothers.no\/wp-content\/uploads\/aT-225x300.jpg\" alt=\"Anders T\u00f8nnesland\" class=\"wp-image-61\" srcset=\"https:\/\/bandofbrothers.no\/wp-content\/uploads\/aT-225x300.jpg 225w, https:\/\/bandofbrothers.no\/wp-content\/uploads\/aT-768x1024.jpg 768w, https:\/\/bandofbrothers.no\/wp-content\/uploads\/aT-1152x1536.jpg 1152w, https:\/\/bandofbrothers.no\/wp-content\/uploads\/aT.jpg 1440w\" sizes=\"auto, (max-width: 225px) 100vw, 225px\" \/><\/figure>\n\n\n\n<figure class=\"wp-block-image size-medium\"><img loading=\"lazy\" decoding=\"async\" width=\"225\" height=\"300\" data-id=\"52\" src=\"https:\/\/bandofbrothers.no\/wp-content\/uploads\/20231102_221730-225x300.jpg\" alt=\"Jens Arne Rakkestad\" class=\"wp-image-52\" srcset=\"https:\/\/bandofbrothers.no\/wp-content\/uploads\/20231102_221730-225x300.jpg 225w, https:\/\/bandofbrothers.no\/wp-content\/uploads\/20231102_221730-768x1024.jpg 768w, https:\/\/bandofbrothers.no\/wp-content\/uploads\/20231102_221730-1152x1536.jpg 1152w, https:\/\/bandofbrothers.no\/wp-content\/uploads\/20231102_221730-1536x2048.jpg 1536w, https:\/\/bandofbrothers.no\/wp-content\/uploads\/20231102_221730-scaled.jpg 1920w\" sizes=\"auto, (max-width: 225px) 100vw, 225px\" \/><\/figure>\n\n\n\n<figure class=\"wp-block-image size-large\"><img loading=\"lazy\" decoding=\"async\" width=\"778\" height=\"1024\" data-id=\"60\" src=\"https:\/\/bandofbrothers.no\/wp-content\/uploads\/OY_Rdit-778x1024.jpg\" alt=\"\u00d8ystein Sannarnes\" class=\"wp-image-60\" srcset=\"https:\/\/bandofbrothers.no\/wp-content\/uploads\/OY_Rdit-778x1024.jpg 778w, https:\/\/bandofbrothers.no\/wp-content\/uploads\/OY_Rdit-228x300.jpg 228w, https:\/\/bandofbrothers.no\/wp-content\/uploads\/OY_Rdit-768x1011.jpg 768w, https:\/\/bandofbrothers.no\/wp-content\/uploads\/OY_Rdit.jpg 1109w\" sizes=\"auto, (max-width: 778px) 100vw, 778px\" \/><\/figure>\n<\/figure>\n\n\n\n<p>E-mail to Artist \/ Manager: osannarnes@osannarnesgmail-com<br><\/p>\n","protected":false},"excerpt":{"rendered":"<p>Follow us on Facebook. BOB is a #progrock band from Southern Norway, the city of Kristiansand: &laquo;As individuals, we are [&hellip;]<\/p>\n","protected":false},"author":1,"featured_media":0,"parent":0,"menu_order":0,"comment_status":"closed","ping_status":"open","template":"","meta":{"footnotes":""},"class_list":["post-2","page","type-page","status-publish","hentry"],"_links":{"self":[{"href":"https:\/\/bandofbrothers.no\/index.php?rest_route=\/wp\/v2\/pages\/2","targetHints":{"allow":["GET"]}}],"collection":[{"href":"https:\/\/bandofbrothers.no\/index.php?rest_route=\/wp\/v2\/pages"}],"about":[{"href":"https:\/\/bandofbrothers.no\/index.php?rest_route=\/wp\/v2\/types\/page"}],"author":[{"embeddable":true,"href":"https:\/\/bandofbrothers.no\/index.php?rest_route=\/wp\/v2\/users\/1"}],"replies":[{"embeddable":true,"href":"https:\/\/bandofbrothers.no\/index.php?rest_route=%2Fwp%2Fv2%2Fcomments&post=2"}],"version-history":[{"count":24,"href":"https:\/\/bandofbrothers.no\/index.php?rest_route=\/wp\/v2\/pages\/2\/revisions"}],"predecessor-version":[{"id":122,"href":"https:\/\/bandofbrothers.no\/index.php?rest_route=\/wp\/v2\/pages\/2\/revisions\/122"}],"wp:attachment":[{"href":"https:\/\/bandofbrothers.no\/index.php?rest_route=%2Fwp%2Fv2%2Fmedia&parent=2"}],"curies":[{"name":"wp","href":"https:\/\/api.w.org\/{rel}","templated":true}]}}